{"id":18,"date":"2023-02-09T18:40:20","date_gmt":"2023-02-09T18:40:20","guid":{"rendered":"https:\/\/f6-ge.ijs.si\/vega\/?page_id=18"},"modified":"2024-03-07T09:49:55","modified_gmt":"2024-03-07T09:49:55","slug":"results-and-publications","status":"publish","type":"page","link":"https:\/\/f6-ge.ijs.si\/vega\/results-and-publications\/","title":{"rendered":"RESULTS AND PUBLICATIONS"},"content":{"rendered":"\n<ol class=\"wp-block-list\">\n<li> N. M. Santhosh, K. K. Upadhyay, G. Filipi\u010d, J. Zava\u0161nik, M. de F. Montemor, U. Cvelbar; Widening the limit of capacitance at high frequency for AC line-filtering applications using aqueous carbon-based supercapacitors, <em>Carbon N. Y. <\/em><strong><em>203<\/em><\/strong><em>,<\/em><strong><em>\u00a0 <\/em><\/strong>686-694, (2022).<\/li>\n\n\n\n<li>N. Shaji, N. M. Santhosh, J. Zava\u0161nik, M. Nanthagopal, T. kim, J. Y. Sung, F. Jiang, S. P Jung, U. Cvelbar, C. W. Lee; Moving Towards Smart Hybrid Vertical Carbon\/MoS2 Binder-free Electrodes for High-performing Sodium-ion Batteries, ACS Sustainable Chemistry &amp; Engineering, (Accepted).<\/li>\n\n\n\n<li>Jagodar, A., Santhosh, N. M., Strunskus, T., von Wahl, E., Petit, A., Lecas, T., Ko\u0161i\u010dek, M., Cvelbar, U., Berndt, J., &amp; Kovacevic, E. (2024). Growth of graphene nanowalls in low-temperature plasma: Experimental insight in initial growth and importance of wall conditioning. <em>Applied Surface Science<\/em>, <em>643<\/em>, 158716. <a href=\"https:\/\/doi.org\/10.1016\/J.APSUSC.2023.158716\">https:\/\/doi.org\/10.1016\/J.APSUSC.2023.158716<\/a><\/li>\n\n\n\n<li>Beckers, J., Berndt, J., Block, D., Bonitz, M., Bruggeman, P. J., Cou\u00ebdel, L., Delzanno, G. L., Feng, Y., Gopalakrishnan, R., Greiner, F., Hartmann, P., Hor\u00e1nyi, M., Kersten, H., Knapek, C. A., Konopka, U., Kortshagen, U., Kostadinova, E. G., Kova\u010devi\u0107, E., Krasheninnikov, S. I., \u2026 van de Kerkhof, M. (2023). Physics and applications of dusty plasmas: The Perspectives 2023. Physics of Plasmas, 30(12), 120601. <a href=\"https:\/\/doi.org\/10.1063\/5.0168088\">https:\/\/doi.org\/10.1063\/5.0168088<\/a><\/li>\n\n\n\n<li>Iakunkov, A., Lienert, U., Sun, J., &amp; Talyzin, A. V. (2023). Swelling of Ti3C2Tx MXene in Water and Methanol at Extreme Pressure Conditions. Advanced Science, 2307067. <a href=\"https:\/\/doi.org\/10.1002\/ADVS.202307067\">https:\/\/doi.org\/10.1002\/ADVS.202307067<\/a><\/li>\n\n\n\n<li>Sun, J., Martinsen, K. H., Klement, U., Kovtun, A., Xia, Z., Silva, P. F. B., Hryha, E., Nyborg, L., &amp; Palermo, V. (2023). Controllable Coating Graphene Oxide and Silanes on Cu Particles as Dual Protection for Anti-corrosion. ACS Applied Materials and Interfaces, 15(32), 38857\u201338866. <a href=\"https:\/\/doi.org\/10.1021\/acsami.3c08042\">https:\/\/doi.org\/10.1021\/acsami.3c08042<\/a><\/li>\n\n\n\n<li>Sun, Y., Sun, J., Sanchez, J. S., Xia, Z., Xiao, L., Chen, R., &amp; Palermo, V. (2023). Surface chemistry and structure manipulation of graphene-related materials to address the challenges of electrochemical energy storage. Chemical Communications, 59(18), 2571\u20132583. <a href=\"https:\/\/doi.org\/10.1039\/D2CC06772B\">https:\/\/doi.org\/10.1039\/D2CC06772B<\/a><\/li>\n<\/ol>\n\n\n\n<figure class=\"wp-block-image size-full\"><img loading=\"lazy\" decoding=\"async\" width=\"822\" height=\"473\" src=\"https:\/\/f6-ge.ijs.si\/vega\/wp-content\/uploads\/sites\/4\/2023\/02\/Del-1.png\" alt=\"\" class=\"wp-image-39\" \/><figcaption class=\"wp-element-caption\">Home-built lab-scale and large-scale proof of concept plasma systems for the vertical graphene deposition (left), Radio-frequency plasma discharge using methane in the lab-scale system (right).<\/figcaption><\/figure>\n\n\n\n<p>The upper Image is the result for Deliverable 1 and Milestone MS1. <\/p>\n\n\n\n<figure class=\"wp-block-image size-full\"><img loading=\"lazy\" decoding=\"async\" width=\"704\" height=\"368\" src=\"https:\/\/f6-ge.ijs.si\/vega\/wp-content\/uploads\/sites\/4\/2024\/03\/slika-na-spletno.png\" alt=\"\" class=\"wp-image-53\" \/><\/figure>\n\n\n\n<p><\/p>\n","protected":false},"excerpt":{"rendered":"<p>The upper Image is the result for Deliverable 1 and Milestone MS1.<\/p>\n","protected":false},"author":3,"featured_media":0,"parent":0,"menu_order":0,"comment_status":"closed","ping_status":"closed","template":"","meta":{"_acf_changed":false,"footnotes":""},"class_list":["post-18","page","type-page","status-publish","hentry"],"acf":[],"_links":{"self":[{"href":"https:\/\/f6-ge.ijs.si\/vega\/wp-json\/wp\/v2\/pages\/18","targetHints":{"allow":["GET"]}}],"collection":[{"href":"https:\/\/f6-ge.ijs.si\/vega\/wp-json\/wp\/v2\/pages"}],"about":[{"href":"https:\/\/f6-ge.ijs.si\/vega\/wp-json\/wp\/v2\/types\/page"}],"author":[{"embeddable":true,"href":"https:\/\/f6-ge.ijs.si\/vega\/wp-json\/wp\/v2\/users\/3"}],"replies":[{"embeddable":true,"href":"https:\/\/f6-ge.ijs.si\/vega\/wp-json\/wp\/v2\/comments?post=18"}],"version-history":[{"count":6,"href":"https:\/\/f6-ge.ijs.si\/vega\/wp-json\/wp\/v2\/pages\/18\/revisions"}],"predecessor-version":[{"id":54,"href":"https:\/\/f6-ge.ijs.si\/vega\/wp-json\/wp\/v2\/pages\/18\/revisions\/54"}],"wp:attachment":[{"href":"https:\/\/f6-ge.ijs.si\/vega\/wp-json\/wp\/v2\/media?parent=18"}],"curies":[{"name":"wp","href":"https:\/\/api.w.org\/{rel}","templated":true}]}}